{"id":482,"date":"2018-07-11T18:00:17","date_gmt":"2018-07-11T16:00:17","guid":{"rendered":"https:\/\/www.textmacher.de\/?page_id=482"},"modified":"2018-07-12T13:01:23","modified_gmt":"2018-07-12T11:01:23","slug":"datenschutzerklaerung","status":"publish","type":"page","link":"https:\/\/www.textmacher.de\/index.php\/datenschutzerklaerung\/","title":{"rendered":"Datenschutzerkl\u00e4rung"},"content":{"rendered":"<h2>Datenschutzerkl\u00e4rung<\/h2>\n<p>Der Schutz ihrer Daten ist mir wichtig. Im Folgenden m\u00f6chte ich Ihnen darum vermitteln, welche Daten ich \u00fcber Sie erhebe und wie ich damit verfahre.<\/p>\n<h2>Ihr Ansprechpartner zu allen Datenschutzfragen dieser Website:<\/h2>\n<p>Die Adresse dieser Website ist: https:\/\/www.textmacher.de.<br \/>\nVerantwortlich f\u00fcr deren Inhalte und den Datenschutz:<\/p>\n<p>Dietmar Steuernagel<br \/>\nSanden 1<br \/>\n29487 Luckau (Wendland)<br \/>\nTel: 05843 9727866<br \/>\nFax: 05843 9727865<br \/>\nE.Mail: steuernagel@textmacher.de<\/p>\n<p>&nbsp;<\/p>\n<h2>Welche personenbezogenen Daten werden \u00fcber diese Website erfasst und warum:<\/h2>\n<p>Grunds\u00e4tzlich ist es m\u00f6glich diese Website zu nutzen, ohne personenbezogene Daten mitzuteilen.<br \/>\nEs werden auf dieser Website keine Cookies eingesetzt.<br \/>\nAlle verwendeten Medien, Inhalte oder Schriften sind lokal gespeichert.<br \/>\nEine Einbindung Dritter als Datenlieferanten oder zu Analysezwecken ist darum nicht gegeben.<\/p>\n<p>Gleichwohl erfasst der Webhosting-Dienstleister (<strong>ALL-INKL.COM<\/strong>) im Rahmen seines berechtigten Interesses, seinen Webhosting-Vertrag zu erf\u00fcllen,<br \/>\nverschiedene Daten, die ich im Folgenden aufliste:<\/p>\n<ul>\n<li>die IP-Adresse des anfragenden Endger\u00e4tes,<\/li>\n<li>Datum und Uhrzeit des Aufrufs der Webseite,<\/li>\n<li>Angabe der Zeitverschiebung zwischen anfragendem Host und Webserver,<\/li>\n<li>Inhalt zur Anfrage bzw. Angabe der abgerufenen Datei, die an den Nutzer \u00fcbermittelt wurde<\/li>\n<li>der Zugriffsstatus (erfolgreiche \u00dcbermittlung, Fehler etc),<\/li>\n<li>die jeweils \u00fcbertragene Datenmenge in Byte,<\/li>\n<li>die Webseite, von der aus der Zugriff des Nutzers erfolgt ist,<\/li>\n<li>der durch den Nutzer verwendeter Browser, das Betriebssystem, die Oberfl\u00e4che, die Sprache des Browsers und die Version der Browsersoftware.<\/li>\n<\/ul>\n<p>Diese Informationen werden in einer sog. Log-Datei (in einem \u201eLogfile\u201c) auf passwortgesch\u00fctzten Servern in Deutschland gespeichert und dienen folgenden, berechtigten Interessen des Webhosters:<\/p>\n<ul>\n<li>Gew\u00e4hrleistung eines reibungslosen Verbindungsaufbaus der Webseite,<\/li>\n<li>Gew\u00e4hrleistung einer komfortablen Nutzung de Webseite,<\/li>\n<li>Auswertung der Systemsicherheit und -stabilit\u00e4t der Webseite.<\/li>\n<\/ul>\n<p>Diese Daten werden vom Webhoster nach 7 Tagen gel\u00f6scht.<\/p>\n<p>Es besteht ein aktueller Auftragsverarbeitungsvertrag nach Art. 28 Abs. 3 Datenschutzgundverordnung (DS-GVO).<br \/>\nIm Rahmen dieses Vertrages werden die oben genannten Daten mir auf Wunsch zur Verf\u00fcgung gestellt.<br \/>\nDiese, mir zur Verf\u00fcgung gestellten, Log-Daten werden von mir nicht ausgewertet oder personalisiert. Ebenso ist sind die IP-Daten durch Weglassen der letzten Stellen der IP anonymisiert. Alle verwendeten Speichermedien, auch Backups, befinden Sich in Deutschland und sind gegen Fremdzugriffe gesch\u00fctzt. Die erfassten Log-Daten werden nach 30 Tagen automatisch gel\u00f6scht.<\/p>\n<h2><\/h2>\n<h2>Diese personenbezogenen Daten werden im Rahmen der allgemeinen Auftragsbearbeitung erfasst:<\/h2>\n<p>&nbsp;<\/p>\n<p>Sollten Sie beschlie\u00dfen die hier von mir ver\u00f6ffentlichten Kontaktdaten zu nutzen, um Verbindung mit mir aufzunehmen, werden selbstverst\u00e4ndlich die hierf\u00fcr notwendigen und von Ihnen freiwillig \u00fcbertragenen personenbezogenen Daten von mir vor\u00fcbergehend gespeichert und im Rahmen meines berechtigten interesses und der gesetzlichen Vorgaben archiviert.<\/p>\n<p>Folgende personenbezogenen Daten werden von mir im Rahmen der Auftragsbearbeitung erfasst und gespeichert:<\/p>\n<p>\u2022 Name, Anschrift, Telefonnummer, Faxnummer, E-Mail-Adresse der Unternehmens bzw. des Auftraggebers.<\/p>\n<p>\u2022\u00a0Namen, Telefon- und Faxnummern und E-Mail-Adressen der jeweiligen f\u00fcr die Auftragsabwicklung erforderlichen Ansprechpartner des Unternehmens bzw. des Auftraggebers.<\/p>\n<p>Diese Daten dienen einzig der Auftragserf\u00fcllung und der daf\u00fcr erforderlichen Korrespondenz. Eine anderweitige Nutzung, z.B. f\u00fcr Newsletter oder andere Eigenwerbungsma\u00dfnahmen findet nicht statt. Ebenso werden diese Daten, au\u00dferhalb des gesetzlich Notwendigen, unter keinen Umst\u00e4nden Dritten zug\u00e4nglich gemacht.<\/p>\n<p>Alle im Rahmen der Korrespondenz bzw. eventuellen Auftragsbearbeitung \u00fcbermittelten personenbezogenen Daten und auch die archivierte Korrespondenz werden auf einem eignen passwortgesch\u00fctzten Server in Deutschland gespeichert und nach Ablauf der gesetzlichen Fristen, sofern kein berechtigtes Interesse an der weiteren Aufbewahrung besteht, im j\u00e4hrlichen Turnus gel\u00f6scht.<\/p>\n<p>Sie k\u00f6nnen jederzeit mit mir Kontakt aufnehmen und sich \u00fcber die Art und den Inhalt der zu Ihrer Person gespeicherten Daten informieren lassen. Sofern keine gesetzlichen Vorschriften dagegen sprechen, k\u00f6nnen Sie auch jederzeit die L\u00f6schung der von mir zu Ihrer Person erfassten personenbezogenen Daten anfordern.<\/p>\n","protected":false},"excerpt":{"rendered":"<p>Datenschutzerkl\u00e4rung Der Schutz ihrer Daten ist mir wichtig. Im Folgenden m\u00f6chte ich Ihnen darum vermitteln, welche Daten ich \u00fcber Sie erhebe und wie ich damit verfahre. Ihr Ansprechpartner zu allen Datenschutzfragen dieser Website: Die Adresse dieser Website ist: https:\/\/www.textmacher.de. Verantwortlich f\u00fcr deren Inhalte und den Datenschutz: Dietmar Steuernagel Sanden 1 29487 Luckau (Wendland) Tel: 05843 [&hellip;]<\/p>\n","protected":false},"author":1,"featured_media":0,"parent":0,"menu_order":0,"comment_status":"closed","ping_status":"closed","template":"","meta":{"site-sidebar-layout":"default","site-content-layout":"default","ast-site-content-layout":"default","site-content-style":"default","site-sidebar-style":"default","ast-global-header-display":"","ast-banner-title-visibility":"","ast-main-header-display":"","ast-hfb-above-header-display":"","ast-hfb-below-header-display":"","ast-hfb-mobile-header-display":"","site-post-title":"","ast-breadcrumbs-content":"","ast-featured-img":"","footer-sml-layout":"","theme-transparent-header-meta":"","adv-header-id-meta":"","stick-header-meta":"","header-above-stick-meta":"","header-main-stick-meta":"","header-below-stick-meta":"","astra-migrate-meta-layouts":"default","ast-page-background-enabled":"default","ast-page-background-meta":{"desktop":{"background-color":"var(--ast-global-color-4)","background-image":"","background-repeat":"repeat","background-position":"center center","background-size":"auto","background-attachment":"scroll","background-type":"","background-media":"","overlay-type":"","overlay-color":"","overlay-opacity":"","overlay-gradient":""},"tablet":{"background-color":"","background-image":"","background-repeat":"repeat","background-position":"center center","background-size":"auto","background-attachment":"scroll","background-type":"","background-media":"","overlay-type":"","overlay-color":"","overlay-opacity":"","overlay-gradient":""},"mobile":{"background-color":"","background-image":"","background-repeat":"repeat","background-position":"center center","background-size":"auto","background-attachment":"scroll","background-type":"","background-media":"","overlay-type":"","overlay-color":"","overlay-opacity":"","overlay-gradient":""}},"ast-content-background-meta":{"desktop":{"background-color":"var(--ast-global-color-5)","background-image":"","background-repeat":"repeat","background-position":"center center","background-size":"auto","background-attachment":"scroll","background-type":"","background-media":"","overlay-type":"","overlay-color":"","overlay-opacity":"","overlay-gradient":""},"tablet":{"background-color":"var(--ast-global-color-5)","background-image":"","background-repeat":"repeat","background-position":"center center","background-size":"auto","background-attachment":"scroll","background-type":"","background-media":"","overlay-type":"","overlay-color":"","overlay-opacity":"","overlay-gradient":""},"mobile":{"background-color":"var(--ast-global-color-5)","background-image":"","background-repeat":"repeat","background-position":"center center","background-size":"auto","background-attachment":"scroll","background-type":"","background-media":"","overlay-type":"","overlay-color":"","overlay-opacity":"","overlay-gradient":""}},"footnotes":""},"class_list":["post-482","page","type-page","status-publish","hentry"],"_links":{"self":[{"href":"https:\/\/www.textmacher.de\/index.php\/wp-json\/wp\/v2\/pages\/482","targetHints":{"allow":["GET"]}}],"collection":[{"href":"https:\/\/www.textmacher.de\/index.php\/wp-json\/wp\/v2\/pages"}],"about":[{"href":"https:\/\/www.textmacher.de\/index.php\/wp-json\/wp\/v2\/types\/page"}],"author":[{"embeddable":true,"href":"https:\/\/www.textmacher.de\/index.php\/wp-json\/wp\/v2\/users\/1"}],"replies":[{"embeddable":true,"href":"https:\/\/www.textmacher.de\/index.php\/wp-json\/wp\/v2\/comments?post=482"}],"version-history":[{"count":4,"href":"https:\/\/www.textmacher.de\/index.php\/wp-json\/wp\/v2\/pages\/482\/revisions"}],"predecessor-version":[{"id":486,"href":"https:\/\/www.textmacher.de\/index.php\/wp-json\/wp\/v2\/pages\/482\/revisions\/486"}],"wp:attachment":[{"href":"https:\/\/www.textmacher.de\/index.php\/wp-json\/wp\/v2\/media?parent=482"}],"curies":[{"name":"wp","href":"https:\/\/api.w.org\/{rel}","templated":true}]}}